{"id":1025,"date":"2023-08-08T16:01:47","date_gmt":"2023-08-08T20:01:47","guid":{"rendered":"http:\/\/nuvovi.com\/welcome\/"},"modified":"2025-08-18T14:03:57","modified_gmt":"2025-08-18T18:03:57","slug":"welcome","status":"publish","type":"page","link":"https:\/\/nuvovi.com\/fr\/welcome\/","title":{"rendered":"Bienvenue"},"content":{"rendered":"<div class=\"wpb-content-wrapper\"><p>[vc_section][vc_row][vc_column]<div class='content-block section-content wpb_text_column wpb_content_element align-left   font_weight_default fs-21' ><div class='wpb_wrapper'><p>Votre compte a \u00e9t\u00e9 cr\u00e9\u00e9. V\u00e9rifiez votre courriel pour r\u00e9initialiser le mot de passe.<\/p>\n<\/div><\/div>[vc_btn title=\u00a0\u00bbRetourner \u00e0 la page d&rsquo;accueil\u00a0\u00bb style=\u00a0\u00bbflat\u00a0\u00bb color=\u00a0\u00bborange_button\u00a0\u00bb size=\u00a0\u00bblg\u00a0\u00bb link=\u00a0\u00bburl:https%3A%2F%2Fnuvovi.com%2Ffr%2F|title:Accueil|\u00a0\u00bb][\/vc_column][\/vc_row][\/vc_section][vc_row][vc_column][vc_empty_space height=\u00a0\u00bb150px\u00a0\u00bb][\/vc_column][\/vc_row]<\/p>\n<\/div>","protected":false},"excerpt":{"rendered":"<p>[vc_section][vc_row][vc_column][vc_btn title=\u00a0\u00bbRetourner \u00e0 la page d&rsquo;accueil\u00a0\u00bb style=\u00a0\u00bbflat\u00a0\u00bb color=\u00a0\u00bborange_button\u00a0\u00bb size=\u00a0\u00bblg\u00a0\u00bb link=\u00a0\u00bburl:https%3A%2F%2Fnuvovi.com%2Ffr%2F|title:Accueil|\u00a0\u00bb][\/vc_column][\/vc_row][\/vc_section][vc_row][vc_column][vc_empty_space height=\u00a0\u00bb150px\u00a0\u00bb][\/vc_column][\/vc_row]<\/p>\n","protected":false},"author":25,"featured_media":0,"parent":0,"menu_order":0,"comment_status":"closed","ping_status":"closed","template":"page-templates\/page-landing.php","meta":{"_acf_changed":false,"content-type":"","footnotes":""},"class_list":["post-1025","page","type-page","status-publish","hentry"],"acf":[],"aioseo_notices":[],"_links":{"self":[{"href":"https:\/\/nuvovi.com\/fr\/wp-json\/wp\/v2\/pages\/1025","targetHints":{"allow":["GET"]}}],"collection":[{"href":"https:\/\/nuvovi.com\/fr\/wp-json\/wp\/v2\/pages"}],"about":[{"href":"https:\/\/nuvovi.com\/fr\/wp-json\/wp\/v2\/types\/page"}],"author":[{"embeddable":true,"href":"https:\/\/nuvovi.com\/fr\/wp-json\/wp\/v2\/users\/25"}],"replies":[{"embeddable":true,"href":"https:\/\/nuvovi.com\/fr\/wp-json\/wp\/v2\/comments?post=1025"}],"version-history":[{"count":0,"href":"https:\/\/nuvovi.com\/fr\/wp-json\/wp\/v2\/pages\/1025\/revisions"}],"wp:attachment":[{"href":"https:\/\/nuvovi.com\/fr\/wp-json\/wp\/v2\/media?parent=1025"}],"curies":[{"name":"wp","href":"https:\/\/api.w.org\/{rel}","templated":true}]}}