{"id":400,"date":"2023-07-13T17:45:46","date_gmt":"2023-07-13T21:45:46","guid":{"rendered":"http:\/\/nuvovi.com\/why-slimtime\/"},"modified":"2025-08-21T15:56:54","modified_gmt":"2025-08-21T19:56:54","slug":"why-choose-nuvovi","status":"publish","type":"page","link":"https:\/\/nuvovi.com\/fr\/why-choose-nuvovi\/","title":{"rendered":"Pourquoi NuvoVi &#038; Proti"},"content":{"rendered":"<div class=\"wpb-content-wrapper\"><p>[vc_section full_width=\u00a0\u00bbstretch_row\u00a0\u00bb parallax=\u00a0\u00bbcontent-moving\u00a0\u00bb css=\u00a0\u00bb.vc_custom_1689717611924{padding-top: 115px !important;padding-bottom: 115px !important;background-image: url(https:\/\/nuvovi.com\/wp-content\/uploads\/2023\/07\/why-bg-v0.2.jpg?id=208) !important;background-position: center !important;background-repeat: no-repeat !important;background-size: cover !important;}\u00a0\u00bb el_id=\u00a0\u00bbwhy_intro\u00a0\u00bb][vc_row][vc_column offset=\u00a0\u00bbvc_col-lg-4 vc_col-md-6&Prime;]<h2 class='innermost-section-heading align-left txt-white fs-52' style=\"margin-bottom: 0px !important;\">Formul\u00e9 m\u00e9dicalement, prouv\u00e9 pour la perte de poids<\/h2>[\/vc_column][\/vc_row][\/vc_section][vc_section el_id=\u00a0\u00bbwhy_who\u00a0\u00bb css=\u00a0\u00bb.vc_custom_1691617728738{padding-top: 100px !important;padding-bottom: 100px !important;}\u00a0\u00bb][vc_row][vc_column offset=\u00a0\u00bbvc_col-md-offset-2 vc_col-md-8&Prime;]<h3 class='innermost-section-heading align-center  ' style=\"margin-bottom: 50px !important;\">Qui profite de NuvoVi ?<\/h3><div class='content-block section-content wpb_text_column wpb_content_element align-center   font_weight_default fs-21' style=\"margin-bottom: 62px !important;\"><div class='wpb_wrapper'><p>NuvoVi et Proti aident tout le monde avec des produits prouv\u00e9 pour la perte et la gestion du poids.<\/p>\n<\/div><\/div>[\/vc_column][\/vc_row][vc_row gap=\u00a0\u00bb30&Prime;][vc_column width=\u00a0\u00bb1\/3&Prime;][vc_single_image image=\u00a0\u00bb196&Prime; img_size=\u00a0\u00bbfull\u00a0\u00bb alignment=\u00a0\u00bbcenter\u00a0\u00bb el_class=\u00a0\u00bbicon-max-height\u00a0\u00bb]<div class='content-block section-content wpb_text_column wpb_content_element align-center   font_weight_default ' ><div class='wpb_wrapper'><h5>Avant\/apr\u00e8s la chirurgie bariatrique<\/h5>\n<p>Pour les substituts de repas de r\u00e9gime pontage gastrique.<\/p>\n<\/div><\/div>[\/vc_column][vc_column width=\u00a0\u00bb1\/3&Prime;][vc_single_image image=\u00a0\u00bb744&Prime; img_size=\u00a0\u00bbfull\u00a0\u00bb alignment=\u00a0\u00bbcenter\u00a0\u00bb el_class=\u00a0\u00bbicon-max-height\u00a0\u00bb]<div class='content-block section-content wpb_text_column wpb_content_element align-center   font_weight_default ' ><div class='wpb_wrapper'><h5>Programmes de gestion de poids<\/h5>\n<p>Pour les programmes d&rsquo;amaigrissement m\u00e9dicaux, ou similaires.<\/p>\n<\/div><\/div>[\/vc_column][vc_column width=\u00a0\u00bb1\/3&Prime;][vc_single_image image=\u00a0\u00bb740&Prime; img_size=\u00a0\u00bbfull\u00a0\u00bb alignment=\u00a0\u00bbcenter\u00a0\u00bb el_class=\u00a0\u00bbicon-max-height\u00a0\u00bb]<div class='content-block section-content wpb_text_column wpb_content_element align-center   font_weight_default ' ><div class='wpb_wrapper'><h5>Mode de vie<\/h5>\n<p>Maintenir une alimentation saine et \u00e9quilibr\u00e9e.<\/p>\n<\/div><\/div>[\/vc_column][\/vc_row][\/vc_section][vc_section full_width=\u00a0\u00bbstretch_row\u00a0\u00bb css=\u00a0\u00bb.vc_custom_1689742927795{background: #122651 url(https:\/\/nuvovi.com\/wp-content\/uploads\/2023\/07\/slimtime-pattern-blue.png?id=219) !important;background-position: 0 0 !important;background-repeat: repeat !important;}\u00a0\u00bb][vc_row][vc_column]\n\t\t\t<div class='wpb_content_element cta cta__large '>\n\t\t\t\t<div class='cta__wrapper pos_right bg_none'>\n\t\t\t\t\t<div class='cta__content'>\n                        <div class='cta__box txt-white'>\n                            <h3 class='cta__head'>Un partenaire dans votre parcours de perte de poids<\/h3>\n                            <div class='cta__desc'><p>Nous sommes l\u00e0 pour vous aider \u00e0 atteindre vos objectifs de sant\u00e9 en vous proposant des produits qui ont fait leurs preuves, ainsi que des informations et des conseils utiles.<\/p>\n<\/div>\n                            <a href='https:\/\/nuvovi.com\/fr\/contact-us\/' class='btn btn-color-yellow_button' target='' rel=''>Contactez-nous<\/a>\n                        <\/div>\n\t\t\t\t\t<\/div>\n\t\t\t\t\t<div class='cta__img' style='background-image: url(https:\/\/nuvovi.com\/wp-content\/uploads\/2023\/08\/why-slimtime-ladies-dancing.jpg);'><\/div>\n\t\t\t\t<\/div>\n\t\t\t<\/div>[\/vc_column][\/vc_row][\/vc_section][vc_section css=\u00a0\u00bb.vc_custom_1689716886229{padding-top: 100px !important;padding-bottom: 100px !important;}\u00a0\u00bb][vc_row][vc_column]\n\t\t\t<div class='wpb_content_element cta cta__large '>\n\t\t\t\t<div class='cta__wrapper pos_left bg_lightBlue'>\n\t\t\t\t\t<div class='cta__content'>\n                        <div class='cta__box '>\n                            <h3 class='cta__head'>Des choix nutritifs et savoureux<\/h3>\n                            <div class='cta__desc'><p>Des solutions nutritives et pratiques, riches en prot\u00e9ines et faibles en calories, pour remplacer les repas, les collations ou les desserts. Que vous fassiez partie d&rsquo;un programme ou que vous cherchiez un remontant apr\u00e8s un entra\u00eenement, un boost de midi ou un dessert sans culpabilit\u00e9, vous pouvez satisfaire vos envies et alimenter votre <span style=\"white-space: nowrap;\">corps !<\/span><\/p>\n<\/div>\n                            <a href='https:\/\/nuvovi.com\/fr\/boutique\/' class='btn btn-color-yellow_button' target='' rel=''>Produits SlimTime<\/a>\n                        <\/div>\n\t\t\t\t\t<\/div>\n\t\t\t\t\t<div class='cta__img' style='background-image: url(https:\/\/nuvovi.com\/wp-content\/uploads\/2023\/08\/cta-block-beauty-range-of-products.jpg);'><\/div>\n\t\t\t\t<\/div>\n\t\t\t<\/div>[\/vc_column][\/vc_row][\/vc_section][vc_section el_id=\u00a0\u00bbwhy_end\u00a0\u00bb css=\u00a0\u00bb.vc_custom_1689716908138{padding-bottom: 165px !important;}\u00a0\u00bb][vc_row][vc_column offset=\u00a0\u00bbvc_col-md-offset-2 vc_col-md-8&Prime;][vc_single_image image=\u00a0\u00bb752&Prime; img_size=\u00a0\u00bbfull\u00a0\u00bb alignment=\u00a0\u00bbcenter\u00a0\u00bb css=\u00a0\u00bb.vc_custom_1691618253614{margin-bottom: 62px !important;}\u00a0\u00bb el_class=\u00a0\u00bbicon-max-height-large\u00a0\u00bb]<h3 class='innermost-section-heading align-center  ' >NuvoVi et Proti sont les choix pr\u00e9f\u00e9r\u00e9s des professionnels de sant\u00e9, des cliniciens et des di\u00e9t\u00e9ticiens pour une perte de poids r\u00e9ussie.<\/h3>[\/vc_column][\/vc_row][\/vc_section]<\/p>\n<\/div>","protected":false},"excerpt":{"rendered":"<p>[vc_section full_width=\u00a0\u00bbstretch_row\u00a0\u00bb parallax=\u00a0\u00bbcontent-moving\u00a0\u00bb css=\u00a0\u00bb.vc_custom_1689717611924{padding-top: 115px !important;padding-bottom: 115px !important;background-image: url(https:\/\/nuvovi.com\/wp-content\/uploads\/2023\/07\/why-bg-v0.2.jpg?id=208) !important;background-position: center !important;background-repeat: no-repeat !important;background-size: cover !important;}\u00a0\u00bb el_id=\u00a0\u00bbwhy_intro\u00a0\u00bb][vc_row][vc_column offset=\u00a0\u00bbvc_col-lg-4 vc_col-md-6&Prime;][\/vc_column][\/vc_row][\/vc_section][vc_section el_id=\u00a0\u00bbwhy_who\u00a0\u00bb css=\u00a0\u00bb.vc_custom_1691617728738{padding-top: 100px !important;padding-bottom: 100px !important;}\u00a0\u00bb][vc_row][vc_column offset=\u00a0\u00bbvc_col-md-offset-2 vc_col-md-8&Prime;][\/vc_column][\/vc_row][vc_row gap=\u00a0\u00bb30&Prime;][vc_column width=\u00a0\u00bb1\/3&Prime;][vc_single_image image=\u00a0\u00bb196&Prime; img_size=\u00a0\u00bbfull\u00a0\u00bb alignment=\u00a0\u00bbcenter\u00a0\u00bb el_class=\u00a0\u00bbicon-max-height\u00a0\u00bb][\/vc_column][vc_column width=\u00a0\u00bb1\/3&Prime;][vc_single_image image=\u00a0\u00bb744&Prime; img_size=\u00a0\u00bbfull\u00a0\u00bb alignment=\u00a0\u00bbcenter\u00a0\u00bb el_class=\u00a0\u00bbicon-max-height\u00a0\u00bb][\/vc_column][vc_column width=\u00a0\u00bb1\/3&Prime;][vc_single_image image=\u00a0\u00bb740&Prime; img_size=\u00a0\u00bbfull\u00a0\u00bb alignment=\u00a0\u00bbcenter\u00a0\u00bb el_class=\u00a0\u00bbicon-max-height\u00a0\u00bb][\/vc_column][\/vc_row][\/vc_section][vc_section full_width=\u00a0\u00bbstretch_row\u00a0\u00bb css=\u00a0\u00bb.vc_custom_1689742927795{background: #122651 url(https:\/\/nuvovi.com\/wp-content\/uploads\/2023\/07\/slimtime-pattern-blue.png?id=219) !important;background-position: 0 0 !important;background-repeat: repeat !important;}\u00a0\u00bb][vc_row][vc_column][\/vc_column][\/vc_row][\/vc_section][vc_section css=\u00a0\u00bb.vc_custom_1689716886229{padding-top: 100px [&hellip;]<\/p>\n","protected":false},"author":1,"featured_media":0,"parent":0,"menu_order":0,"comment_status":"closed","ping_status":"closed","template":"page-templates\/page-landing.php","meta":{"_acf_changed":false,"content-type":"","footnotes":""},"class_list":["post-400","page","type-page","status-publish","hentry"],"acf":[],"aioseo_notices":[],"_links":{"self":[{"href":"https:\/\/nuvovi.com\/fr\/wp-json\/wp\/v2\/pages\/400","targetHints":{"allow":["GET"]}}],"collection":[{"href":"https:\/\/nuvovi.com\/fr\/wp-json\/wp\/v2\/pages"}],"about":[{"href":"https:\/\/nuvovi.com\/fr\/wp-json\/wp\/v2\/types\/page"}],"author":[{"embeddable":true,"href":"https:\/\/nuvovi.com\/fr\/wp-json\/wp\/v2\/users\/1"}],"replies":[{"embeddable":true,"href":"https:\/\/nuvovi.com\/fr\/wp-json\/wp\/v2\/comments?post=400"}],"version-history":[{"count":0,"href":"https:\/\/nuvovi.com\/fr\/wp-json\/wp\/v2\/pages\/400\/revisions"}],"wp:attachment":[{"href":"https:\/\/nuvovi.com\/fr\/wp-json\/wp\/v2\/media?parent=400"}],"curies":[{"name":"wp","href":"https:\/\/api.w.org\/{rel}","templated":true}]}}