{"id":402,"date":"2023-07-13T17:47:54","date_gmt":"2023-07-13T21:47:54","guid":{"rendered":"http:\/\/nuvovi.com\/healthcare-professionals\/"},"modified":"2023-09-12T09:56:07","modified_gmt":"2023-09-12T13:56:07","slug":"healthcare-professionals","status":"publish","type":"page","link":"https:\/\/nuvovi.com\/fr\/healthcare-professionals\/","title":{"rendered":"Professionnel du secteur m\u00e9dical"},"content":{"rendered":"<div class=\"wpb-content-wrapper\"><p>[vc_section css=\u00a0\u00bb.vc_custom_1690832847806{padding-top: 0px !important;padding-bottom: 100px !important;}\u00a0\u00bb][vc_row equal_height=\u00a0\u00bbyes\u00a0\u00bb content_placement=\u00a0\u00bbmiddle\u00a0\u00bb][vc_column offset=\u00a0\u00bbvc_col-md-4&Prime;]<h3 class='innermost-section-heading align-left  ' >Prenez contact avec nous<\/h3><div class='content-block section-content wpb_text_column wpb_content_element align-left   font_weight_default fs-21' ><div class='wpb_wrapper'><p>Si vous \u00eates un professionnel dans le domaine m\u00e9dical et que vous souhaitez offrir \u00e0 vos patients les avantages de nos produits m\u00e9dicalement formul\u00e9s SlimTime et Proti dans le cadre de leurs programmes de perte de poids, n&rsquo;h\u00e9sitez pas \u00e0 nous contacter !<\/p>\n<\/div><\/div>[vc_btn title=\u00a0\u00bbContactez-nous\u00a0\u00bb color=\u00a0\u00bbyellow_button\u00a0\u00bb size=\u00a0\u00bblg\u00a0\u00bb link=\u00a0\u00bburl:https%3A%2F%2Fnuvovi.com%2Ffr%2Fcontact-us%2F|title:Contactez-nous\u00a0\u00bb][\/vc_column][vc_column offset=\u00a0\u00bbvc_col-md-offset-1 vc_col-md-7&Prime;][vc_single_image image=\u00a0\u00bb663&Prime; img_size=\u00a0\u00bbfull\u00a0\u00bb css=\u00a0\u00bb.vc_custom_1690832355552{border-radius: 10px !important;}\u00a0\u00bb][\/vc_column][\/vc_row][vc_row][vc_column][vc_empty_space height=\u00a0\u00bb60px\u00a0\u00bb][\/vc_column][\/vc_row][\/vc_section][vc_section full_width=\u00a0\u00bbstretch_row\u00a0\u00bb css=\u00a0\u00bb.vc_custom_1694011151352{background-color: #f1f4fb !important;}\u00a0\u00bb][vc_row][vc_column width=\u00a0\u00bb1\/6&Prime;][\/vc_column][vc_column width=\u00a0\u00bb2\/3&Prime;]<div class='content-block section-content wpb_text_column wpb_content_element align-left  quote font_weight_default ' style=\"margin-bottom: 20px !important;\"><div class='wpb_wrapper'><h5>Je recommande SlimTime comme partie int\u00e9grale de notre protocole de perte de poids pr\u00e9-chirurgical que les patients doivent suivre.<\/h5>\n<\/div><\/div><div class='content-block section-content wpb_text_column wpb_content_element align-left   font_weight_default ' style=\"padding-left: 8% !important;\"><div class='wpb_wrapper'><p><span style=\"font-size: 16px; color: #607cc2;\"><strong>\u2014 Chirurgien bariatrique, Montreal, QC<\/strong><\/span><\/p>\n<\/div><\/div>[\/vc_column][vc_column width=\u00a0\u00bb1\/6&Prime;][\/vc_column][\/vc_row][vc_row][vc_column][vc_empty_space height=\u00a0\u00bb30px\u00a0\u00bb][\/vc_column][\/vc_row][\/vc_section]<\/p>\n<\/div>","protected":false},"excerpt":{"rendered":"<p>[vc_section css=\u00a0\u00bb.vc_custom_1690832847806{padding-top: 0px !important;padding-bottom: 100px !important;}\u00a0\u00bb][vc_row equal_height=\u00a0\u00bbyes\u00a0\u00bb content_placement=\u00a0\u00bbmiddle\u00a0\u00bb][vc_column offset=\u00a0\u00bbvc_col-md-4&Prime;][vc_btn title=\u00a0\u00bbContactez-nous\u00a0\u00bb color=\u00a0\u00bbyellow_button\u00a0\u00bb size=\u00a0\u00bblg\u00a0\u00bb link=\u00a0\u00bburl:https%3A%2F%2Fnuvovi.com%2Ffr%2Fcontact-us%2F|title:Contactez-nous\u00a0\u00bb][\/vc_column][vc_column offset=\u00a0\u00bbvc_col-md-offset-1 vc_col-md-7&Prime;][vc_single_image image=\u00a0\u00bb663&Prime; img_size=\u00a0\u00bbfull\u00a0\u00bb css=\u00a0\u00bb.vc_custom_1690832355552{border-radius: 10px !important;}\u00a0\u00bb][\/vc_column][\/vc_row][vc_row][vc_column][vc_empty_space height=\u00a0\u00bb60px\u00a0\u00bb][\/vc_column][\/vc_row][\/vc_section][vc_section full_width=\u00a0\u00bbstretch_row\u00a0\u00bb css=\u00a0\u00bb.vc_custom_1694011151352{background-color: #f1f4fb !important;}\u00a0\u00bb][vc_row][vc_column width=\u00a0\u00bb1\/6&Prime;][\/vc_column][vc_column width=\u00a0\u00bb2\/3&Prime;][\/vc_column][vc_column width=\u00a0\u00bb1\/6&Prime;][\/vc_column][\/vc_row][vc_row][vc_column][vc_empty_space height=\u00a0\u00bb30px\u00a0\u00bb][\/vc_column][\/vc_row][\/vc_section]<\/p>\n","protected":false},"author":1,"featured_media":0,"parent":0,"menu_order":0,"comment_status":"closed","ping_status":"closed","template":"page-templates\/page-general.php","meta":{"_acf_changed":false,"content-type":"","footnotes":""},"class_list":["post-402","page","type-page","status-publish","hentry"],"acf":[],"aioseo_notices":[],"_links":{"self":[{"href":"https:\/\/nuvovi.com\/fr\/wp-json\/wp\/v2\/pages\/402","targetHints":{"allow":["GET"]}}],"collection":[{"href":"https:\/\/nuvovi.com\/fr\/wp-json\/wp\/v2\/pages"}],"about":[{"href":"https:\/\/nuvovi.com\/fr\/wp-json\/wp\/v2\/types\/page"}],"author":[{"embeddable":true,"href":"https:\/\/nuvovi.com\/fr\/wp-json\/wp\/v2\/users\/1"}],"replies":[{"embeddable":true,"href":"https:\/\/nuvovi.com\/fr\/wp-json\/wp\/v2\/comments?post=402"}],"version-history":[{"count":0,"href":"https:\/\/nuvovi.com\/fr\/wp-json\/wp\/v2\/pages\/402\/revisions"}],"wp:attachment":[{"href":"https:\/\/nuvovi.com\/fr\/wp-json\/wp\/v2\/media?parent=402"}],"curies":[{"name":"wp","href":"https:\/\/api.w.org\/{rel}","templated":true}]}}