{"id":422,"date":"2023-07-05T16:20:28","date_gmt":"2023-07-05T20:20:28","guid":{"rendered":"http:\/\/nuvovi.com\/privacy-cookies\/"},"modified":"2025-08-18T13:57:45","modified_gmt":"2025-08-18T17:57:45","slug":"confidentialite-cookies","status":"publish","type":"page","link":"https:\/\/nuvovi.com\/fr\/confidentialite-cookies\/","title":{"rendered":"Confidentialit\u00e9 &#038; \u00ab cookies \u00bb"},"content":{"rendered":"<div class=\"wpb-content-wrapper\"><p>[vc_section css=\u00a0\u00bb.vc_custom_1690904401798{padding-top: 65px !important;padding-right: 10% !important;padding-bottom: 105px !important;padding-left: 10% !important;}\u00a0\u00bb][vc_row][vc_column]<div class='content-block section-content wpb_text_column wpb_content_element align-left   font_weight_default ' ><div class='wpb_wrapper'><h4 class=\"fw_xbold\">Avis sur les cookies de M\u00e9dical Minogue inc. (l\u2019\u00ab Avis \u00bb)<\/h4>\n<p>Cet Avis relatif aux cookies s&rsquo;applique \u00e0 tous les sites web de M\u00e9dical Minogue inc.<\/p>\n<h4 class=\"fw_xbold\">Qu&rsquo;est-ce qu&rsquo;un cookie ?<\/h4>\n<p>Les cookies sont des fichiers textes qui sont plac\u00e9s sur votre ordinateur par les sites web que vous visitez. Les cookies sont ensuite renvoy\u00e9s au site web d&rsquo;origine \u00e0 chaque visite ult\u00e9rieure, ou \u00e0 un autre site web qui reconna\u00eet ce cookie. Ils sont utilis\u00e9s pour faire fonctionner les sites web, ou travailler plus efficacement, ainsi que pour fournir des informations aux propri\u00e9taires du site web.<\/p>\n<p>Nous utilisons le terme \u00ab cookies \u00bb tout au long de cet Avis pour couvrir \u00e9galement toutes les technologies similaires, telles que les balises web SDK, les fichiers journaux, les balises pixel.<\/p>\n<h4 class=\"fw_xbold\">Quels types de cookies sont utilis\u00e9s sur M\u00e9dical Minogue inc.?<\/h4>\n<p>Vous pouvez voir quels cookies sont utilis\u00e9s sur ce site web en cliquant ici.<\/p>\n<h4 class=\"fw_xbold\">G\u00e9rer vos pr\u00e9f\u00e9rences en mati\u00e8re de cookies<\/h4>\n<p>Vous pouvez acc\u00e9der \u00e0 vos pr\u00e9f\u00e9rences en mati\u00e8re de cookies et les modifier \u00e0 tout moment en cliquant ici [Lien vers la \u00ab page d&rsquo;information et de gestion du fournisseur de services de cookies \u00bb].<\/p>\n<p>Veuillez noter que bien que vous ne soyez pas oblig\u00e9s d&rsquo;activer les cookies pour de nombreuses parties de NuvoVi, certaines fonctionnalit\u00e9s peuvent ne pas \u00eatre disponibles si vous choisissez de refuser les cookies. Il est important d&rsquo;ajuster les param\u00e8tres de votre appareil pour refl\u00e9ter vos pr\u00e9f\u00e9rences en mati\u00e8re de cookies.<\/p>\n<p>Vous pouvez \u00e9galement configurer votre navigateur pour qu&rsquo;il envoie des avertissements avant d&rsquo;accepter les cookies ou de les rejeter.<\/p>\n<p>En outre, le cas \u00e9ch\u00e9ant, vous pouvez d\u00e9sactiver les cookies en visitant les sites web suivants : [Lien vers la \u00ab page d&rsquo;information et de gestion du fournisseur de services de cookies \u00bb]<\/p>\n<h4 class=\"fw_xbold\">Mise \u00e0 jour de l&rsquo;Avis<\/h4>\n<p>Nous nous r\u00e9servons le droit d&rsquo;apporter des modifications et des corrections \u00e0 cet Avis. Veuillez consulter cette page p\u00e9riodiquement pour consulter les mises \u00e0 jour et les informations suppl\u00e9mentaires. Les mises \u00e0 jour seront affich\u00e9es sur les sites web de M\u00e9dical Minogue inc. et, si n\u00e9cessaire, nous vous informerons de tout changement important par courriel.<\/p>\n<p>Cet Avis relatif aux cookies a \u00e9t\u00e9 mis \u00e0 jour pour la derni\u00e8re fois le jj\/mm\/aaaa.<\/p>\n<h4 class=\"fw_xbold\">Politique de confidentialit\u00e9<\/h4>\n<p>Cette Politique de confidentialit\u00e9 d\u00e9crit comment M\u00e9dical Minogue inc. traite vos renseignements personnels lorsque vous visitez nuvovi.com. En acc\u00e9dant au site web, vous consentez aux pratiques d\u00e9crites dans la pr\u00e9sente Politique de confidentialit\u00e9. M\u00e9dical Minogue inc. se r\u00e9serve le droit de modifier cette Politique de confidentialit\u00e9 \u00e0 tout moment, et votre utilisation continue de nuvovi.com signifie votre acceptation de toute mise \u00e0 jour. Cette Politique de confidentialit\u00e9 est int\u00e9gr\u00e9e et assujettie aux conditions d&rsquo;utilisation de M\u00e9dical Minogue inc.<\/p>\n<h4 class=\"fw_xbold\">Vos droits de contr\u00f4le des renseignements personnels<\/h4>\n<p>Vous avez le droit d&rsquo;exercer un contr\u00f4le sur vos renseignements personnels. Vous pouvez:<\/p>\n<ul>\n<li>Examiner ou demander une copie de vos renseignements personnels<\/li>\n<li>Mettre \u00e0 jour ou corriger des renseignements personnels inexacts<\/li>\n<li>Demander la suppression de vos renseignements personnels<\/li>\n<li>Refuser de partager des renseignements personnels avec des tiers \u00e0 certaines fins<\/li>\n<li>Vous opposer \u00e0 des utilisations sp\u00e9cifiques des renseignements personnels<\/li>\n<li>G\u00e9rer les pr\u00e9f\u00e9rences de marketing par courriel<\/li>\n<\/ul>\n<p>Ces droits peuvent varier en fonction de votre juridiction, mais nous fournirons des efforts raisonnables pour r\u00e9pondre \u00e0 votre demande, m\u00eame si la loi ne l&rsquo;exige pas. Toutefois, si des renseignements personnels sont n\u00e9cessaires au traitement des paiements, \u00e0 l&rsquo;ex\u00e9cution des commandes ou au respect des exigences l\u00e9gales, nous pourrions ne pas \u00eatre en mesure d&rsquo;honorer les demandes de suppression ou de cessation.<\/p>\n<p>Pour soumettre une demande d&rsquo;acc\u00e8s ou de suppression de renseignements personnels, veuillez envoyer un courriel \u00e0 info@minogue-med.com .<\/p>\n<h4 class=\"fw_xbold\">Types de renseignements recueillis<\/h4>\n<p>Nous recueillons des renseignements tels que l\u2019adresse courriel, les coordonn\u00e9es et l&rsquo;adresse de livraison pour traiter votre commande. Les renseignements de paiement, telles que les num\u00e9ros de carte de d\u00e9bit ou de cr\u00e9dit, ne sont pas stock\u00e9es et trait\u00e9es par des passerelles de paiement tierces (voir ci-dessous).<\/p>\n<p>Nous ne recueillons pas sciemment de renseignements personnels directement aupr\u00e8s d&rsquo;enfants de moins de 13 ans. Si elles sont collect\u00e9es involontairement, nous les supprimerons rapidement. Toutefois, les renseignements personnels sur les enfants de moins de 13 ans peuvent \u00eatre recueillis avec le consentement explicite d&rsquo;un parent ou d&rsquo;un tuteur. Notre site web n&rsquo;est pas destin\u00e9 \u00e0 l&rsquo;usage des enfants.<br \/>\nLa collecte de renseignements personnels est n\u00e9cessaire pour fournir les produits et services demand\u00e9s. Le d\u00e9faut de fournir les renseignements demand\u00e9s peut entra\u00eener une incapacit\u00e9 \u00e0 r\u00e9pondre \u00e0 vos demandes.<\/p>\n<h4 class=\"fw_xbold\">Comment nous utilisons vos renseignements<\/h4>\n<p>Nous utilisons vos renseignements personnels pour fournir des produits, des services et exploiter notre entreprise. Les objectifs multiples incluent l&rsquo;ex\u00e9cution des commandes, l&rsquo;envoi de re\u00e7us d&rsquo;achat, l&rsquo;am\u00e9lioration de l&rsquo;exp\u00e9rience du site web, la d\u00e9tection des activit\u00e9s frauduleuses et les fonctions li\u00e9es aux affaires telles que la comptabilit\u00e9.<\/p>\n<h4 class=\"fw_xbold\">Service de paiement tiers<\/h4>\n<p>Les paiements sont trait\u00e9s par des processeurs de services de paiement tiers (par exemple, PayPal, Stripe). Les renseignements personnels recueillis par ces tiers sont assujettis \u00e0 leurs politiques de confidentialit\u00e9. Nous n&rsquo;avons aucun contr\u00f4le ni aucune responsabilit\u00e9 quant \u00e0 leur collecte, \u00e0 leur utilisation ni \u00e0 leur divulgation des renseignements personnels.<\/p>\n<h4 class=\"fw_xbold\">Autres services tiers<\/h4>\n<p>Nous ne sommes pas responsables des pratiques de confidentialit\u00e9 d&rsquo;autres tiers, y compris mais sans s\u2019y limiter, Facebook, Apple, Google, Microsoft, les d\u00e9veloppeurs d&rsquo;applications, les plateformes de m\u00e9dias sociaux, les fournisseurs de syst\u00e8mes d&rsquo;exploitation, les fournisseurs de services sans fil ou de t\u00e9l\u00e9communications ou les fabricants d&rsquo;appareils. L&rsquo;inclusion de liens sur nos services n&rsquo;implique pas notre approbation \u00e0 ceux-ci.<\/p>\n<h4 class=\"fw_xbold\">Divulgation de renseignements personnels<\/h4>\n<p>Sauf indication contraire, les renseignements personnels fournis \u00e0 M\u00e9dical Minogue inc. par l&rsquo;entremise de notre site web ne seront pas partag\u00e9s \u00e0 l&rsquo;ext\u00e9rieur de M\u00e9dical Minogue inc. sans autorisation.<\/p>\n<p>Divulgation aux fournisseurs de services : Nous engageons d&rsquo;autres soci\u00e9t\u00e9s pour fournir des services en notre nom (par exemple, la circulation de bulletins d&rsquo;information, le traitement des transactions, l&rsquo;analyse web). Seuls les renseignements personnels n\u00e9cessaires sont partag\u00e9s pour fournir ces services, et leur utilisation \u00e0 d&rsquo;autres fins est interdite.<\/p>\n<p>Divulgation pour des raisons juridiques : Les renseignements personnels peuvent \u00eatre divulgu\u00e9s si la loi l&rsquo;exige, pour se conformer \u00e0 des proc\u00e9dures judiciaires, prot\u00e9ger nos droits ou notre propri\u00e9t\u00e9, ou dans des circonstances urgentes pour prot\u00e9ger la s\u00e9curit\u00e9 personnelle.<\/p>\n<h4 class=\"fw_xbold\">Collecte d&rsquo;adresses courriel pour l&rsquo;abonnement aux bulletins d\u2019informations<\/h4>\n<p>Les bulletins d\u2019informations ne sont envoy\u00e9s qu&rsquo;aux abonn\u00e9s. En vous abonnant, vous fournissez volontairement votre adresse courriel \u00e0 cette fin. La distribution des bulletins d\u2019informations est facilit\u00e9e par MailChimp. En vous abonnant, vous acceptez l&rsquo;utilisation de votre adresse courriel par ce fournisseur de services. Votre courriel ne sera ni vendu ni partag\u00e9 avec des parties externes. Vous pouvez vous d\u00e9sabonner \u00e0 tout moment.<\/p>\n<h4 class=\"fw_xbold\">Notre utilisation du Web analytique<\/h4>\n<p>Nous utilisons l&rsquo;analyse Web standard de l&rsquo;industrie pour surveiller les visites de sites web. Si vous souhaitez d\u00e9sactiver l&rsquo;analyse Web, vous pouvez installer les outils suivants sur votre ordinateur : Lien de d\u00e9sactivation de Google Analytics<\/p>\n<h4 class=\"fw_xbold\">Cookies et technologies similaires<\/h4>\n<p>Nous utilisons des cookies sur notre site web \u00e0 diverses fins, telles que la pr\u00e9vention des plantages, l&rsquo;affichage d&rsquo;informations, la correction de bogues et la s\u00e9curit\u00e9 du site web. Ces cookies, dits \u00ab strictement n\u00e9cessaires \u00bb, sont indispensables au bon fonctionnement de notre site web. Vous ne pouvez pas d\u00e9sactiver ces cookies car ils sont n\u00e9cessaires au fonctionnement de notre site web. Cependant, vous pouvez les supprimer en ajustant les param\u00e8tres de votre navigateur. Veuillez noter que la d\u00e9sactivation de ces cookies peut limiter certaines fonctionnalit\u00e9s de notre site web.<\/p>\n<h4 class=\"fw_xbold\">Liens vers d&rsquo;autres sites<\/h4>\n<p>Notre site web peut contenir des liens vers d&rsquo;autres sites, y compris des \u00e9v\u00e9nements, des expositions, des mus\u00e9es, des associations, des publications et des ressources. Bien que nous nous efforcions de cr\u00e9er des liens uniquement vers des sites qui respectent des normes \u00e9lev\u00e9es et respectent la vie priv\u00e9e, nous ne sommes pas responsables du contenu, de la s\u00e9curit\u00e9 ou des pratiques de confidentialit\u00e9 de ces sites externes.<\/p>\n<h4 class=\"fw_xbold\">S\u00e9curit\u00e9<\/h4>\n<p>M\u00e9dical Minogue inc. s&rsquo;engage \u00e0 prot\u00e9ger la s\u00e9curit\u00e9 de vos renseignements personnels. Nous utilisons une gamme de technologies et de protocoles de s\u00e9curit\u00e9 pour prot\u00e9ger vos renseignements personnels contre l&rsquo;acc\u00e8s, l&rsquo;utilisation ou la divulgation non autoris\u00e9s.<\/p>\n<h4 class=\"fw_xbold\">Renseignements sensibles<\/h4>\n<p>Nous vous prions de bien vouloir vous abstenir d&rsquo;envoyer ou de divulguer des renseignements personnels sensibles (par exemple, num\u00e9ros de s\u00e9curit\u00e9 sociale, origine raciale ou ethnique, opinions politiques, croyances religieuses ou philosophiques, informations sur la sant\u00e9, donn\u00e9es biom\u00e9triques ou g\u00e9n\u00e9tiques, ant\u00e9c\u00e9dents criminels ou appartenance syndicale) via nos services ou \u00e0 nous.<\/p>\n<h4 class=\"fw_xbold\">Application de la pr\u00e9sente d\u00e9claration de confidentialit\u00e9<\/h4>\n<p>Si vous avez des questions concernant cette d\u00e9claration ou la fa\u00e7on dont nous traitons vos renseignements personnels, veuillez nous contacter. Nous r\u00e9pondrons rapidement \u00e0 vos pr\u00e9occupations et nous efforcerons de parvenir \u00e0 une r\u00e9solution satisfaisante.<\/p>\n<h4 class=\"fw_xbold\">Modifications apport\u00e9es \u00e0 la pr\u00e9sente Politique de confidentialit\u00e9<\/h4>\n<p>Nous publierons des mises \u00e0 jour de notre Politique de confidentialit\u00e9 sur notre site web. S&rsquo;il y a des changements importants qui ont une incidence sur vos droits \u00e0 la vie priv\u00e9e, nous vous en informerons davantage.<\/p>\n<h4 class=\"fw_xbold\">Coordonn\u00e9es<\/h4>\n<p>Vous avez des questions ou souhaitez obtenir plus d&rsquo;informations? Courriel : info@minogue-med.com et num\u00e9ro de t\u00e9l\u00e9phone : 1-800-665-6466<\/p>\n<\/div><\/div>[\/vc_column][\/vc_row][\/vc_section]<\/p>\n<\/div>","protected":false},"excerpt":{"rendered":"<p>[vc_section css=\u00a0\u00bb.vc_custom_1690904401798{padding-top: 65px !important;padding-right: 10% !important;padding-bottom: 105px !important;padding-left: 10% !important;}\u00a0\u00bb][vc_row][vc_column][\/vc_column][\/vc_row][\/vc_section]<\/p>\n","protected":false},"author":1,"featured_media":0,"parent":0,"menu_order":0,"comment_status":"closed","ping_status":"closed","template":"page-templates\/page-landing.php","meta":{"_acf_changed":false,"content-type":"","footnotes":""},"class_list":["post-422","page","type-page","status-publish","hentry"],"acf":[],"aioseo_notices":[],"_links":{"self":[{"href":"https:\/\/nuvovi.com\/fr\/wp-json\/wp\/v2\/pages\/422","targetHints":{"allow":["GET"]}}],"collection":[{"href":"https:\/\/nuvovi.com\/fr\/wp-json\/wp\/v2\/pages"}],"about":[{"href":"https:\/\/nuvovi.com\/fr\/wp-json\/wp\/v2\/types\/page"}],"author":[{"embeddable":true,"href":"https:\/\/nuvovi.com\/fr\/wp-json\/wp\/v2\/users\/1"}],"replies":[{"embeddable":true,"href":"https:\/\/nuvovi.com\/fr\/wp-json\/wp\/v2\/comments?post=422"}],"version-history":[{"count":0,"href":"https:\/\/nuvovi.com\/fr\/wp-json\/wp\/v2\/pages\/422\/revisions"}],"wp:attachment":[{"href":"https:\/\/nuvovi.com\/fr\/wp-json\/wp\/v2\/media?parent=422"}],"curies":[{"name":"wp","href":"https:\/\/api.w.org\/{rel}","templated":true}]}}