{"id":1640,"date":"2023-12-14T10:08:24","date_gmt":"2023-12-14T15:08:24","guid":{"rendered":"https:\/\/nuvovi.com\/?post_type=product&#038;p=1640"},"modified":"2024-02-07T17:10:20","modified_gmt":"2024-02-07T22:10:20","slug":"proti-max-chocolat","status":"publish","type":"product","link":"https:\/\/nuvovi.com\/fr\/produit\/proti-max-chocolat\/","title":{"rendered":"Proti-Max\u00ae Boisson prot\u00e9in\u00e9e chocolat"},"content":{"rendered":"","protected":false},"excerpt":{"rendered":"<p>Boisson prot\u00e9in\u00e9e pratique en route ou apr\u00e8s l\u2019entrainement<\/p>\n<p><em>*Cette boisson n&rsquo;est pas un substitut de repas*<\/em><\/p>\n<p>110 calories, 15g prot\u00e9ines<\/p>\n","protected":false},"featured_media":1644,"comment_status":"closed","ping_status":"closed","template":"","meta":{"_acf_changed":false,"content-type":""},"product_brand":[34],"product_cat":[47,46],"product_tag":[],"class_list":{"0":"post-1640","1":"product","2":"type-product","3":"status-publish","4":"has-post-thumbnail","6":"product_brand-proti","7":"product_cat-boissons","8":"product_cat-boissons-froides","10":"first","11":"instock","12":"shipping-taxable","13":"purchasable","14":"product-type-simple"},"acf":[],"aioseo_notices":[],"_links":{"self":[{"href":"https:\/\/nuvovi.com\/fr\/wp-json\/wp\/v2\/product\/1640","targetHints":{"allow":["GET"]}}],"collection":[{"href":"https:\/\/nuvovi.com\/fr\/wp-json\/wp\/v2\/product"}],"about":[{"href":"https:\/\/nuvovi.com\/fr\/wp-json\/wp\/v2\/types\/product"}],"replies":[{"embeddable":true,"href":"https:\/\/nuvovi.com\/fr\/wp-json\/wp\/v2\/comments?post=1640"}],"wp:featuredmedia":[{"embeddable":true,"href":"https:\/\/nuvovi.com\/fr\/wp-json\/wp\/v2\/media\/1644"}],"wp:attachment":[{"href":"https:\/\/nuvovi.com\/fr\/wp-json\/wp\/v2\/media?parent=1640"}],"wp:term":[{"taxonomy":"product_brand","embeddable":true,"href":"https:\/\/nuvovi.com\/fr\/wp-json\/wp\/v2\/product_brand?post=1640"},{"taxonomy":"product_cat","embeddable":true,"href":"https:\/\/nuvovi.com\/fr\/wp-json\/wp\/v2\/product_cat?post=1640"},{"taxonomy":"product_tag","embeddable":true,"href":"https:\/\/nuvovi.com\/fr\/wp-json\/wp\/v2\/product_tag?post=1640"}],"curies":[{"name":"wp","href":"https:\/\/api.w.org\/{rel}","templated":true}]}}