{"id":573,"date":"2023-07-30T23:17:32","date_gmt":"2023-07-31T03:17:32","guid":{"rendered":"http:\/\/nuvovi.com\/?post_type=product&#038;p=573"},"modified":"2023-08-05T02:04:37","modified_gmt":"2023-08-05T06:04:37","slug":"proti-snax-zippers-creme-sure-fines-herbes","status":"publish","type":"product","link":"https:\/\/nuvovi.com\/fr\/produit\/proti-snax-zippers-creme-sure-fines-herbes\/","title":{"rendered":"Proti-Snax\u00ae Zippers Cr\u00e8me s\u00fbre fines herbes"},"content":{"rendered":"","protected":false},"excerpt":{"rendered":"<p>160 calories, 15g prot\u00e9ines<\/p>\n","protected":false},"featured_media":601,"comment_status":"closed","ping_status":"closed","template":"","meta":{"_acf_changed":false,"content-type":""},"product_brand":[34],"product_cat":[49,60],"product_tag":[],"class_list":{"0":"post-573","1":"product","2":"type-product","3":"status-publish","4":"has-post-thumbnail","6":"product_brand-proti","7":"product_cat-grignotines","8":"product_cat-grignotines-zippers","10":"first","11":"instock","12":"taxable","13":"shipping-taxable","14":"purchasable","15":"product-type-simple"},"acf":[],"aioseo_notices":[],"_links":{"self":[{"href":"https:\/\/nuvovi.com\/fr\/wp-json\/wp\/v2\/product\/573","targetHints":{"allow":["GET"]}}],"collection":[{"href":"https:\/\/nuvovi.com\/fr\/wp-json\/wp\/v2\/product"}],"about":[{"href":"https:\/\/nuvovi.com\/fr\/wp-json\/wp\/v2\/types\/product"}],"replies":[{"embeddable":true,"href":"https:\/\/nuvovi.com\/fr\/wp-json\/wp\/v2\/comments?post=573"}],"wp:featuredmedia":[{"embeddable":true,"href":"https:\/\/nuvovi.com\/fr\/wp-json\/wp\/v2\/media\/601"}],"wp:attachment":[{"href":"https:\/\/nuvovi.com\/fr\/wp-json\/wp\/v2\/media?parent=573"}],"wp:term":[{"taxonomy":"product_brand","embeddable":true,"href":"https:\/\/nuvovi.com\/fr\/wp-json\/wp\/v2\/product_brand?post=573"},{"taxonomy":"product_cat","embeddable":true,"href":"https:\/\/nuvovi.com\/fr\/wp-json\/wp\/v2\/product_cat?post=573"},{"taxonomy":"product_tag","embeddable":true,"href":"https:\/\/nuvovi.com\/fr\/wp-json\/wp\/v2\/product_tag?post=573"}],"curies":[{"name":"wp","href":"https:\/\/api.w.org\/{rel}","templated":true}]}}